{"id":1334,"date":"2021-05-10T21:01:03","date_gmt":"2021-05-10T19:01:03","guid":{"rendered":"https:\/\/www.helios.es\/club\/?post_type=product&#038;p=1334"},"modified":"2022-10-06T09:41:39","modified_gmt":"2022-10-06T07:41:39","slug":"libro-de-recetas-de-cuchara-y-tenedor","status":"publish","type":"product","link":"https:\/\/www.helios.es\/club\/regalos\/libro-de-recetas-de-cuchara-y-tenedor\/","title":{"rendered":"LIBRO DE RECETAS DE CUCHARA Y TENEDOR"},"content":{"rendered":"<p>En el libro Cuchara y tenedor en Espa\u00f1ol encontrar\u00e1s 15 recetas creadas en colaboraci\u00f3n con la Fundaci\u00f3n Al\u00edcia y que ser\u00e1n el punto de partida para crear tus propias elaboraciones con el Estuche de Vapor Hondo en el microondas. Porque sabemos la satisfacci\u00f3n que supone saborear un plato hecho por ti, queremos compartir contigo recetas de sopas, cremas u otros alimentos enteros que requieren un mayor espacio durante su cocci\u00f3n.<\/p>\n","protected":false},"excerpt":{"rendered":"<p>En el libro Cuchara y tenedor en Espa\u00f1ol encontrar\u00e1s 15 recetas creadas en colaboraci\u00f3n con la Fundaci\u00f3n Al\u00edcia y que ser\u00e1n el punto de partida para crear tus propias elaboraciones con el Estuche de Vapor Hondo en el microondas. Porque sabemos la satisfacci\u00f3n que supone saborear un plato hecho por ti, queremos compartir contigo recetas [&#8230;]\n","protected":false},"featured_media":1408,"template":"","meta":[],"product_brand":[],"product_cat":[80],"product_tag":[],"class_list":{"0":"post-1334","1":"product","2":"type-product","3":"status-publish","4":"has-post-thumbnail","6":"product_cat-cocina-y-menaje","8":"first","9":"instock","10":"purchasable","11":"product-type-simple"},"_links":{"self":[{"href":"https:\/\/www.helios.es\/club\/wp-json\/wp\/v2\/product\/1334","targetHints":{"allow":["GET"]}}],"collection":[{"href":"https:\/\/www.helios.es\/club\/wp-json\/wp\/v2\/product"}],"about":[{"href":"https:\/\/www.helios.es\/club\/wp-json\/wp\/v2\/types\/product"}],"wp:featuredmedia":[{"embeddable":true,"href":"https:\/\/www.helios.es\/club\/wp-json\/wp\/v2\/media\/1408"}],"wp:attachment":[{"href":"https:\/\/www.helios.es\/club\/wp-json\/wp\/v2\/media?parent=1334"}],"wp:term":[{"taxonomy":"product_brand","embeddable":true,"href":"https:\/\/www.helios.es\/club\/wp-json\/wp\/v2\/product_brand?post=1334"},{"taxonomy":"product_cat","embeddable":true,"href":"https:\/\/www.helios.es\/club\/wp-json\/wp\/v2\/product_cat?post=1334"},{"taxonomy":"product_tag","embeddable":true,"href":"https:\/\/www.helios.es\/club\/wp-json\/wp\/v2\/product_tag?post=1334"}],"curies":[{"name":"wp","href":"https:\/\/api.w.org\/{rel}","templated":true}]}}