{"id":1335,"date":"2021-05-10T21:01:03","date_gmt":"2021-05-10T19:01:03","guid":{"rendered":"https:\/\/www.helios.es\/club\/?post_type=product&#038;p=1335"},"modified":"2022-10-06T09:43:13","modified_gmt":"2022-10-06T07:43:13","slug":"rueda-abdominal-cross-training","status":"publish","type":"product","link":"https:\/\/www.helios.es\/club\/regalos\/rueda-abdominal-cross-training\/","title":{"rendered":"RUEDA ABDOMINAL CROSS TRAINING"},"content":{"rendered":"<p>Sobre las rodillas o sobre la punta de los pies, en modo estable o inestable, trabajar toda la faja abdominal, los oblicuos, etc. Este producto te acompa\u00f1ar\u00e1 en tu progresi\u00f3n.<\/p>\n","protected":false},"excerpt":{"rendered":"<p>Sobre las rodillas o sobre la punta de los pies, en modo estable o inestable, trabajar toda la faja abdominal, los oblicuos, etc. Este producto te acompa\u00f1ar\u00e1 en tu progresi\u00f3n.<\/p>\n","protected":false},"featured_media":1409,"template":"","meta":[],"product_brand":[],"product_cat":[81],"product_tag":[],"class_list":{"0":"post-1335","1":"product","2":"type-product","3":"status-publish","4":"has-post-thumbnail","6":"product_cat-deporte-y-salud","8":"first","9":"instock","10":"purchasable","11":"product-type-simple"},"_links":{"self":[{"href":"https:\/\/www.helios.es\/club\/wp-json\/wp\/v2\/product\/1335","targetHints":{"allow":["GET"]}}],"collection":[{"href":"https:\/\/www.helios.es\/club\/wp-json\/wp\/v2\/product"}],"about":[{"href":"https:\/\/www.helios.es\/club\/wp-json\/wp\/v2\/types\/product"}],"wp:featuredmedia":[{"embeddable":true,"href":"https:\/\/www.helios.es\/club\/wp-json\/wp\/v2\/media\/1409"}],"wp:attachment":[{"href":"https:\/\/www.helios.es\/club\/wp-json\/wp\/v2\/media?parent=1335"}],"wp:term":[{"taxonomy":"product_brand","embeddable":true,"href":"https:\/\/www.helios.es\/club\/wp-json\/wp\/v2\/product_brand?post=1335"},{"taxonomy":"product_cat","embeddable":true,"href":"https:\/\/www.helios.es\/club\/wp-json\/wp\/v2\/product_cat?post=1335"},{"taxonomy":"product_tag","embeddable":true,"href":"https:\/\/www.helios.es\/club\/wp-json\/wp\/v2\/product_tag?post=1335"}],"curies":[{"name":"wp","href":"https:\/\/api.w.org\/{rel}","templated":true}]}}