{"id":1340,"date":"2021-05-10T21:01:03","date_gmt":"2021-05-10T19:01:03","guid":{"rendered":"https:\/\/www.helios.es\/club\/?post_type=product&#038;p=1340"},"modified":"2021-05-12T20:56:25","modified_gmt":"2021-05-12T18:56:25","slug":"esterilla-de-pilates","status":"publish","type":"product","link":"https:\/\/www.helios.es\/club\/regalos\/esterilla-de-pilates\/","title":{"rendered":"ESTERILLA DE PILATES"},"content":{"rendered":"<p>Esterilla con un grosor de 10 mm para ofrecerte m\u00e1ximo confort durante las sesiones sin calzado. \u00a1Trabaja en condiciones \u00f3ptimas!<\/p>\n<p>Comodidad super agradable. Tama\u00f1o perfecto 170&#215;55 cm x 10 mm. Correa de transporte ultra pr\u00e1ctica para los desplazamientos.<\/p>\n","protected":false},"excerpt":{"rendered":"<p>Esterilla con un grosor de 10 mm para ofrecerte m\u00e1ximo confort durante las sesiones sin calzado. \u00a1Trabaja en condiciones \u00f3ptimas! Comodidad super agradable. Tama\u00f1o perfecto 170&#215;55 cm x 10 mm. Correa de transporte ultra pr\u00e1ctica para los desplazamientos.<\/p>\n","protected":false},"featured_media":1412,"template":"","meta":[],"product_brand":[],"product_cat":[81],"product_tag":[],"class_list":{"0":"post-1340","1":"product","2":"type-product","3":"status-publish","4":"has-post-thumbnail","6":"product_cat-deporte-y-salud","8":"first","9":"instock","10":"purchasable","11":"product-type-simple"},"_links":{"self":[{"href":"https:\/\/www.helios.es\/club\/wp-json\/wp\/v2\/product\/1340","targetHints":{"allow":["GET"]}}],"collection":[{"href":"https:\/\/www.helios.es\/club\/wp-json\/wp\/v2\/product"}],"about":[{"href":"https:\/\/www.helios.es\/club\/wp-json\/wp\/v2\/types\/product"}],"wp:featuredmedia":[{"embeddable":true,"href":"https:\/\/www.helios.es\/club\/wp-json\/wp\/v2\/media\/1412"}],"wp:attachment":[{"href":"https:\/\/www.helios.es\/club\/wp-json\/wp\/v2\/media?parent=1340"}],"wp:term":[{"taxonomy":"product_brand","embeddable":true,"href":"https:\/\/www.helios.es\/club\/wp-json\/wp\/v2\/product_brand?post=1340"},{"taxonomy":"product_cat","embeddable":true,"href":"https:\/\/www.helios.es\/club\/wp-json\/wp\/v2\/product_cat?post=1340"},{"taxonomy":"product_tag","embeddable":true,"href":"https:\/\/www.helios.es\/club\/wp-json\/wp\/v2\/product_tag?post=1340"}],"curies":[{"name":"wp","href":"https:\/\/api.w.org\/{rel}","templated":true}]}}