{"id":1342,"date":"2021-05-10T21:01:03","date_gmt":"2021-05-10T19:01:03","guid":{"rendered":"https:\/\/www.helios.es\/club\/?post_type=product&#038;p=1342"},"modified":"2025-11-26T19:28:34","modified_gmt":"2025-11-26T18:28:34","slug":"tarjeta-regalo-hogarfamilia-20-eu","status":"publish","type":"product","link":"https:\/\/www.helios.es\/club\/regalos\/tarjeta-regalo-hogarfamilia-20-eu\/","title":{"rendered":"TARJETA REGALO HOGAR&#038;FAMILIA 20 Eu."},"content":{"rendered":"<p>Recibir\u00e1s por email una tarjeta que te permitir\u00e1 acceder a la web de la tienda colaboradora que elijas, realizar una compra y pagar con ella. Tambi\u00e9n la podr\u00e1s canjearla online por un bono y acudir a una tienda f\u00edsica (limitado a algunas ense\u00f1as). Canjearlo en ense\u00f1as como por ejemplo Carrefour, Ikea, Toys r&#8217; Us, Cepsa,, \u2026 y muchas m\u00e1s que podr\u00e1s ver en la web de Click&amp;Gift. Estas ense\u00f1as podr\u00edan variar dependiendo de factores externos al Club Helios.<\/p>\n","protected":false},"excerpt":{"rendered":"<p>Recibir\u00e1s por email una tarjeta que te permitir\u00e1 acceder a la web de la tienda colaboradora que elijas, realizar una compra y pagar con ella. Tambi\u00e9n la podr\u00e1s canjearla online por un bono y acudir a una tienda f\u00edsica (limitado a algunas ense\u00f1as). Canjearlo en ense\u00f1as como por ejemplo Carrefour, Ikea, Toys r&#8217; Us, Cepsa,, [&#8230;]\n","protected":false},"featured_media":5402,"template":"","meta":[],"product_brand":[],"product_cat":[79],"product_tag":[],"class_list":{"0":"post-1342","1":"product","2":"type-product","3":"status-publish","4":"has-post-thumbnail","6":"product_cat-actividades-y-familia","8":"first","9":"instock","10":"purchasable","11":"product-type-simple"},"_links":{"self":[{"href":"https:\/\/www.helios.es\/club\/wp-json\/wp\/v2\/product\/1342","targetHints":{"allow":["GET"]}}],"collection":[{"href":"https:\/\/www.helios.es\/club\/wp-json\/wp\/v2\/product"}],"about":[{"href":"https:\/\/www.helios.es\/club\/wp-json\/wp\/v2\/types\/product"}],"wp:featuredmedia":[{"embeddable":true,"href":"https:\/\/www.helios.es\/club\/wp-json\/wp\/v2\/media\/5402"}],"wp:attachment":[{"href":"https:\/\/www.helios.es\/club\/wp-json\/wp\/v2\/media?parent=1342"}],"wp:term":[{"taxonomy":"product_brand","embeddable":true,"href":"https:\/\/www.helios.es\/club\/wp-json\/wp\/v2\/product_brand?post=1342"},{"taxonomy":"product_cat","embeddable":true,"href":"https:\/\/www.helios.es\/club\/wp-json\/wp\/v2\/product_cat?post=1342"},{"taxonomy":"product_tag","embeddable":true,"href":"https:\/\/www.helios.es\/club\/wp-json\/wp\/v2\/product_tag?post=1342"}],"curies":[{"name":"wp","href":"https:\/\/api.w.org\/{rel}","templated":true}]}}