{"id":1344,"date":"2021-05-10T21:01:03","date_gmt":"2021-05-10T19:01:03","guid":{"rendered":"https:\/\/www.helios.es\/club\/?post_type=product&#038;p=1344"},"modified":"2024-02-13T20:02:49","modified_gmt":"2024-02-13T19:02:49","slug":"tarjeta-regalo-solidaria-20-eu","status":"publish","type":"product","link":"https:\/\/www.helios.es\/club\/regalos\/tarjeta-regalo-solidaria-20-eu\/","title":{"rendered":"TARJETA REGALO SOLIDARIA 20 Eu."},"content":{"rendered":"<p>Recibir\u00e1s por email una tarjeta que te permitir\u00e1 acceder a la web de una de las ONG\u2019s con las ue colaboramos, y relizar tu donaci\u00f3n online. Canjearlo por donaciones a por ejemplo Cruz Roja, Manos Unidas, Oxfam \u00f3 Asociaci\u00f3n Espa\u00f1ola Contra el C\u00e1ncer, que podr\u00e1s ver en la web de Click&amp;Gift. Estas ense\u00f1as podr\u00edan variar dependiendo de factores externos al Club Helios.<\/p>\n","protected":false},"excerpt":{"rendered":"<p>Recibir\u00e1s por email una tarjeta que te permitir\u00e1 acceder a la web de una de las ONG\u2019s con las ue colaboramos, y relizar tu donaci\u00f3n online. Canjearlo por donaciones a por ejemplo Cruz Roja, Manos Unidas, Oxfam \u00f3 Asociaci\u00f3n Espa\u00f1ola Contra el C\u00e1ncer, que podr\u00e1s ver en la web de Click&amp;Gift. Estas ense\u00f1as podr\u00edan variar [&#8230;]\n","protected":false},"featured_media":5405,"template":"","meta":[],"product_brand":[],"product_cat":[84],"product_tag":[],"class_list":{"0":"post-1344","1":"product","2":"type-product","3":"status-publish","4":"has-post-thumbnail","6":"product_cat-sostenibilidad","8":"first","9":"instock","10":"purchasable","11":"product-type-simple"},"_links":{"self":[{"href":"https:\/\/www.helios.es\/club\/wp-json\/wp\/v2\/product\/1344","targetHints":{"allow":["GET"]}}],"collection":[{"href":"https:\/\/www.helios.es\/club\/wp-json\/wp\/v2\/product"}],"about":[{"href":"https:\/\/www.helios.es\/club\/wp-json\/wp\/v2\/types\/product"}],"wp:featuredmedia":[{"embeddable":true,"href":"https:\/\/www.helios.es\/club\/wp-json\/wp\/v2\/media\/5405"}],"wp:attachment":[{"href":"https:\/\/www.helios.es\/club\/wp-json\/wp\/v2\/media?parent=1344"}],"wp:term":[{"taxonomy":"product_brand","embeddable":true,"href":"https:\/\/www.helios.es\/club\/wp-json\/wp\/v2\/product_brand?post=1344"},{"taxonomy":"product_cat","embeddable":true,"href":"https:\/\/www.helios.es\/club\/wp-json\/wp\/v2\/product_cat?post=1344"},{"taxonomy":"product_tag","embeddable":true,"href":"https:\/\/www.helios.es\/club\/wp-json\/wp\/v2\/product_tag?post=1344"}],"curies":[{"name":"wp","href":"https:\/\/api.w.org\/{rel}","templated":true}]}}