{"id":1346,"date":"2021-05-10T21:01:05","date_gmt":"2021-05-10T19:01:05","guid":{"rendered":"https:\/\/www.helios.es\/club\/?post_type=product&#038;p=1346"},"modified":"2023-06-20T10:58:28","modified_gmt":"2023-06-20T08:58:28","slug":"bonsai-microphylla","status":"publish","type":"product","link":"https:\/\/www.helios.es\/club\/regalos\/bonsai-microphylla\/","title":{"rendered":"BONS\u00c1I MICROPHYLLA"},"content":{"rendered":"<p>Bons\u00e1i de Carmona microphylla 5 a\u00f1os con plato cer\u00e1mico azul incluido.<\/p>\n<p>Lo recibir\u00e1s en una caja regalo.<\/p>\n<p>Caracter\u00edsticas:<br \/>\n&#8211; Situaci\u00f3n: en zonas de clima mediterr\u00e1neo puede vivir al exterior durante los meses de verano, el resto del a\u00f1o proteger del fr\u00edo. En zonas mas fr\u00edas, debe situarse todo el a\u00f1o en invernadero.<br \/>\n&#8211; Origen: Sureste asi\u00e1tico.<br \/>\n&#8211; Caracter\u00edsticas: \u00e1rbol tropical de hoja perenne. Es muy apreciado por sus hojas brillantes, sus flores blancas y su fruto rojo y peque\u00f1o.<\/p>\n","protected":false},"excerpt":{"rendered":"<p>Bons\u00e1i de Carmona microphylla 5 a\u00f1os con plato cer\u00e1mico azul incluido. Lo recibir\u00e1s en una caja regalo. Caracter\u00edsticas: &#8211; Situaci\u00f3n: en zonas de clima mediterr\u00e1neo puede vivir al exterior durante los meses de verano, el resto del a\u00f1o proteger del fr\u00edo. En zonas mas fr\u00edas, debe situarse todo el a\u00f1o en invernadero. &#8211; Origen: Sureste [&#8230;]\n","protected":false},"featured_media":1416,"template":"","meta":[],"product_brand":[],"product_cat":[84],"product_tag":[],"class_list":{"0":"post-1346","1":"product","2":"type-product","3":"status-publish","4":"has-post-thumbnail","6":"product_cat-sostenibilidad","8":"first","9":"instock","10":"purchasable","11":"product-type-simple"},"_links":{"self":[{"href":"https:\/\/www.helios.es\/club\/wp-json\/wp\/v2\/product\/1346","targetHints":{"allow":["GET"]}}],"collection":[{"href":"https:\/\/www.helios.es\/club\/wp-json\/wp\/v2\/product"}],"about":[{"href":"https:\/\/www.helios.es\/club\/wp-json\/wp\/v2\/types\/product"}],"wp:featuredmedia":[{"embeddable":true,"href":"https:\/\/www.helios.es\/club\/wp-json\/wp\/v2\/media\/1416"}],"wp:attachment":[{"href":"https:\/\/www.helios.es\/club\/wp-json\/wp\/v2\/media?parent=1346"}],"wp:term":[{"taxonomy":"product_brand","embeddable":true,"href":"https:\/\/www.helios.es\/club\/wp-json\/wp\/v2\/product_brand?post=1346"},{"taxonomy":"product_cat","embeddable":true,"href":"https:\/\/www.helios.es\/club\/wp-json\/wp\/v2\/product_cat?post=1346"},{"taxonomy":"product_tag","embeddable":true,"href":"https:\/\/www.helios.es\/club\/wp-json\/wp\/v2\/product_tag?post=1346"}],"curies":[{"name":"wp","href":"https:\/\/api.w.org\/{rel}","templated":true}]}}