{"id":1351,"date":"2021-05-10T21:01:05","date_gmt":"2021-05-10T19:01:05","guid":{"rendered":"https:\/\/www.helios.es\/club\/?post_type=product&#038;p=1351"},"modified":"2021-05-12T20:56:26","modified_gmt":"2021-05-12T18:56:26","slug":"auriculares-inalambricos-bluetooth-vieta-pro-wave","status":"publish","type":"product","link":"https:\/\/www.helios.es\/club\/regalos\/auriculares-inalambricos-bluetooth-vieta-pro-wave\/","title":{"rendered":"AURICULARES INAL\u00c1MBRICOS BLUETOOTH VIETA PRO WAVE"},"content":{"rendered":"<p>Auriculares Vieta Pro Wave VHP-BT120PK con Bluetooth, Radio FM, Micr\u00f3fono Integrado, entrada Auxiliar, con reproductor Micro SD, plegables y con una autonom\u00eda 12 horas.<\/p>\n<p>Auriculares con Bluetooth 4.2: Para que los peque\u00f1os de la casa se olviden de los cables y disfruten de su m\u00fasica con total libertad. Destacan por incluir Radio FM para que puedas disfrutar de todas tus emisoras preferidas y no tengas que gastar la bater\u00eda ni los datos de tu Smartphone.<\/p>\n<p>Con micr\u00f3fono integrado: Para que puedan atender a todas sus llamadas o simplemente puedan interactuar con el asistente virtual del m\u00f3vil. Los auriculares Vieta Pro Wave VHP-BT120PK son muy c\u00f3modos y ligeros, se adaptan a todas las cabezas y no vas a notar que los llevas puestos. Adem\u00e1s, son plegables y ajustables para que sean f\u00e1ciles de transportar y almacenar. Los acabados est\u00e1n muy cuidados.<\/p>\n<p>Ranura micro SD: Todo son ventajas, dispone de una ranura para que reproduzcas el contenido de la micro SD. La autonom\u00eda deja de ser un problema, pueden utilizarlo durante 15 horas seguidas, de todos modos, incorpora un cable auxiliar para que aunque no tengan bater\u00eda puedan utilizar tus auriculares sin inconvenientes.<\/p>\n<p>* El producto se servir\u00e1 con las caracter\u00edsticas t\u00e9cnicas y complementos descritos por el fabricante, la imagen puede variar con respecto al producto final entregado.<\/p>\n","protected":false},"excerpt":{"rendered":"<p>Auriculares Vieta Pro Wave VHP-BT120PK con Bluetooth, Radio FM, Micr\u00f3fono Integrado, entrada Auxiliar, con reproductor Micro SD, plegables y con una autonom\u00eda 12 horas. Auriculares con Bluetooth 4.2: Para que los peque\u00f1os de la casa se olviden de los cables y disfruten de su m\u00fasica con total libertad. Destacan por incluir Radio FM para que [&#8230;]\n","protected":false},"featured_media":1421,"template":"","meta":[],"product_brand":[],"product_cat":[81],"product_tag":[],"class_list":{"0":"post-1351","1":"product","2":"type-product","3":"status-publish","4":"has-post-thumbnail","6":"product_cat-deporte-y-salud","8":"first","9":"instock","10":"purchasable","11":"product-type-simple"},"_links":{"self":[{"href":"https:\/\/www.helios.es\/club\/wp-json\/wp\/v2\/product\/1351","targetHints":{"allow":["GET"]}}],"collection":[{"href":"https:\/\/www.helios.es\/club\/wp-json\/wp\/v2\/product"}],"about":[{"href":"https:\/\/www.helios.es\/club\/wp-json\/wp\/v2\/types\/product"}],"wp:featuredmedia":[{"embeddable":true,"href":"https:\/\/www.helios.es\/club\/wp-json\/wp\/v2\/media\/1421"}],"wp:attachment":[{"href":"https:\/\/www.helios.es\/club\/wp-json\/wp\/v2\/media?parent=1351"}],"wp:term":[{"taxonomy":"product_brand","embeddable":true,"href":"https:\/\/www.helios.es\/club\/wp-json\/wp\/v2\/product_brand?post=1351"},{"taxonomy":"product_cat","embeddable":true,"href":"https:\/\/www.helios.es\/club\/wp-json\/wp\/v2\/product_cat?post=1351"},{"taxonomy":"product_tag","embeddable":true,"href":"https:\/\/www.helios.es\/club\/wp-json\/wp\/v2\/product_tag?post=1351"}],"curies":[{"name":"wp","href":"https:\/\/api.w.org\/{rel}","templated":true}]}}