{"id":1352,"date":"2021-05-10T21:01:05","date_gmt":"2021-05-10T19:01:05","guid":{"rendered":"https:\/\/www.helios.es\/club\/?post_type=product&#038;p=1352"},"modified":"2021-05-12T20:56:26","modified_gmt":"2021-05-12T18:56:26","slug":"vive-la-aventura-con-tus-hijos","status":"publish","type":"product","link":"https:\/\/www.helios.es\/club\/regalos\/vive-la-aventura-con-tus-hijos\/","title":{"rendered":"VIVE LA AVENTURA CON TUS HIJOS"},"content":{"rendered":"<p>Traves\u00edas en piragua, actividades art\u00edsticas, roc\u00f3dromos, tiro con arco, sesiones de spa, tirolinas en los \u00e1rboles, talleres de fotograf\u00eda, surf y mucho m\u00e1s\u2026<\/p>\n<p>Para los m\u00e1s inquietos y trepadores empedernidos, hasta 1.100 experiencias multitem\u00e1ticas a elegir.<\/p>\n<p>Para 1 persona.<\/p>\n<p>Edad recomendada (ni\u00f1o\/a): 0-12 a\u00f1os.<\/p>\n<p>Perfecto para los ni\u00f1os m\u00e1s aventureros.<\/p>\n","protected":false},"excerpt":{"rendered":"<p>Traves\u00edas en piragua, actividades art\u00edsticas, roc\u00f3dromos, tiro con arco, sesiones de spa, tirolinas en los \u00e1rboles, talleres de fotograf\u00eda, surf y mucho m\u00e1s\u2026 Para los m\u00e1s inquietos y trepadores empedernidos, hasta 1.100 experiencias multitem\u00e1ticas a elegir. Para 1 persona. Edad recomendada (ni\u00f1o\/a): 0-12 a\u00f1os. Perfecto para los ni\u00f1os m\u00e1s aventureros.<\/p>\n","protected":false},"featured_media":1422,"template":"","meta":[],"product_brand":[],"product_cat":[79],"product_tag":[],"class_list":{"0":"post-1352","1":"product","2":"type-product","3":"status-publish","4":"has-post-thumbnail","6":"product_cat-actividades-y-familia","8":"first","9":"instock","10":"purchasable","11":"product-type-simple"},"_links":{"self":[{"href":"https:\/\/www.helios.es\/club\/wp-json\/wp\/v2\/product\/1352","targetHints":{"allow":["GET"]}}],"collection":[{"href":"https:\/\/www.helios.es\/club\/wp-json\/wp\/v2\/product"}],"about":[{"href":"https:\/\/www.helios.es\/club\/wp-json\/wp\/v2\/types\/product"}],"wp:featuredmedia":[{"embeddable":true,"href":"https:\/\/www.helios.es\/club\/wp-json\/wp\/v2\/media\/1422"}],"wp:attachment":[{"href":"https:\/\/www.helios.es\/club\/wp-json\/wp\/v2\/media?parent=1352"}],"wp:term":[{"taxonomy":"product_brand","embeddable":true,"href":"https:\/\/www.helios.es\/club\/wp-json\/wp\/v2\/product_brand?post=1352"},{"taxonomy":"product_cat","embeddable":true,"href":"https:\/\/www.helios.es\/club\/wp-json\/wp\/v2\/product_cat?post=1352"},{"taxonomy":"product_tag","embeddable":true,"href":"https:\/\/www.helios.es\/club\/wp-json\/wp\/v2\/product_tag?post=1352"}],"curies":[{"name":"wp","href":"https:\/\/api.w.org\/{rel}","templated":true}]}}