{"id":1354,"date":"2021-05-10T21:01:05","date_gmt":"2021-05-10T19:01:05","guid":{"rendered":"https:\/\/www.helios.es\/club\/?post_type=product&#038;p=1354"},"modified":"2021-05-25T15:54:17","modified_gmt":"2021-05-25T13:54:17","slug":"24-simbols-ebook-3-meses","status":"publish","type":"product","link":"https:\/\/www.helios.es\/club\/regalos\/24-simbols-ebook-3-meses\/","title":{"rendered":"24 SIMBOLS (EBOOK) 3 MESES"},"content":{"rendered":"<p>Accede a un mundo de libros desde d\u00f3nde quieras.<\/p>\n<p>Cat\u00e1logo completo, lectura online u offline, sin publicidad.<\/p>\n<p>Descarga la app 24symbols en cualquiera de tus dispositivos y comienza a disfrutar de tu suscripci\u00f3n por 3 meses.<\/p>\n<p>\u00danete a nuestra Comunidad de Lectores y descubre lecturas apasionantes.<\/p>\n<p>Si sabes lo que quieres leer, local\u00edzalo en el buscador, o bien navega por las Categor\u00edas. Los libros est\u00e1n clasificados para que encuentres lo inesperado: un libro maravilloso, una tem\u00e1tica desconocida o un autor fascinante.<\/p>\n","protected":false},"excerpt":{"rendered":"<p>Accede a un mundo de libros desde d\u00f3nde quieras. Cat\u00e1logo completo, lectura online u offline, sin publicidad. Descarga la app 24symbols en cualquiera de tus dispositivos y comienza a disfrutar de tu suscripci\u00f3n por 3 meses. \u00danete a nuestra Comunidad de Lectores y descubre lecturas apasionantes. Si sabes lo que quieres leer, local\u00edzalo en el [&#8230;]\n","protected":false},"featured_media":1778,"template":"","meta":[],"product_brand":[],"product_cat":[79],"product_tag":[],"class_list":{"0":"post-1354","1":"product","2":"type-product","3":"status-publish","4":"has-post-thumbnail","6":"product_cat-actividades-y-familia","8":"first","9":"instock","10":"purchasable","11":"product-type-simple"},"_links":{"self":[{"href":"https:\/\/www.helios.es\/club\/wp-json\/wp\/v2\/product\/1354","targetHints":{"allow":["GET"]}}],"collection":[{"href":"https:\/\/www.helios.es\/club\/wp-json\/wp\/v2\/product"}],"about":[{"href":"https:\/\/www.helios.es\/club\/wp-json\/wp\/v2\/types\/product"}],"wp:featuredmedia":[{"embeddable":true,"href":"https:\/\/www.helios.es\/club\/wp-json\/wp\/v2\/media\/1778"}],"wp:attachment":[{"href":"https:\/\/www.helios.es\/club\/wp-json\/wp\/v2\/media?parent=1354"}],"wp:term":[{"taxonomy":"product_brand","embeddable":true,"href":"https:\/\/www.helios.es\/club\/wp-json\/wp\/v2\/product_brand?post=1354"},{"taxonomy":"product_cat","embeddable":true,"href":"https:\/\/www.helios.es\/club\/wp-json\/wp\/v2\/product_cat?post=1354"},{"taxonomy":"product_tag","embeddable":true,"href":"https:\/\/www.helios.es\/club\/wp-json\/wp\/v2\/product_tag?post=1354"}],"curies":[{"name":"wp","href":"https:\/\/api.w.org\/{rel}","templated":true}]}}