{"id":1356,"date":"2021-05-10T21:01:05","date_gmt":"2021-05-10T19:01:05","guid":{"rendered":"https:\/\/www.helios.es\/club\/?post_type=product&#038;p=1356"},"modified":"2025-03-06T23:09:29","modified_gmt":"2025-03-06T22:09:29","slug":"tostadora","status":"publish","type":"product","link":"https:\/\/www.helios.es\/club\/regalos\/tostadora\/","title":{"rendered":"TOSTADORA RUSSELL HOBBS"},"content":{"rendered":"<p>Russell Hobbs Tostadora Colours Plus, 2 Ranuras Cortas y Anchas.<\/p>\n","protected":false},"excerpt":{"rendered":"<p>Acabado brillante con detalles pulidos; cuerpo grande para tostar bien todo el pan<br \/>\nFunci\u00f3n de extraelevaci\u00f3n; funci\u00f3n levantar y ver<br \/>\n6 niveles de tueste y selector de recalentado; botones de descongelado y cancelaci\u00f3n<br \/>\nBandeja recogemigas; cable de 61 cm de largo<br \/>\nCalientapanecillos<\/p>\n","protected":false},"featured_media":6101,"template":"","meta":[],"product_brand":[],"product_cat":[80],"product_tag":[],"class_list":{"0":"post-1356","1":"product","2":"type-product","3":"status-publish","4":"has-post-thumbnail","6":"product_cat-cocina-y-menaje","8":"first","9":"instock","10":"purchasable","11":"product-type-simple"},"_links":{"self":[{"href":"https:\/\/www.helios.es\/club\/wp-json\/wp\/v2\/product\/1356","targetHints":{"allow":["GET"]}}],"collection":[{"href":"https:\/\/www.helios.es\/club\/wp-json\/wp\/v2\/product"}],"about":[{"href":"https:\/\/www.helios.es\/club\/wp-json\/wp\/v2\/types\/product"}],"wp:featuredmedia":[{"embeddable":true,"href":"https:\/\/www.helios.es\/club\/wp-json\/wp\/v2\/media\/6101"}],"wp:attachment":[{"href":"https:\/\/www.helios.es\/club\/wp-json\/wp\/v2\/media?parent=1356"}],"wp:term":[{"taxonomy":"product_brand","embeddable":true,"href":"https:\/\/www.helios.es\/club\/wp-json\/wp\/v2\/product_brand?post=1356"},{"taxonomy":"product_cat","embeddable":true,"href":"https:\/\/www.helios.es\/club\/wp-json\/wp\/v2\/product_cat?post=1356"},{"taxonomy":"product_tag","embeddable":true,"href":"https:\/\/www.helios.es\/club\/wp-json\/wp\/v2\/product_tag?post=1356"}],"curies":[{"name":"wp","href":"https:\/\/api.w.org\/{rel}","templated":true}]}}