{"id":1358,"date":"2021-05-10T21:01:05","date_gmt":"2021-05-10T19:01:05","guid":{"rendered":"https:\/\/www.helios.es\/club\/?post_type=product&#038;p=1358"},"modified":"2021-05-12T20:56:27","modified_gmt":"2021-05-12T18:56:27","slug":"bicicleta-sin-pedales-infantil","status":"publish","type":"product","link":"https:\/\/www.helios.es\/club\/regalos\/bicicleta-sin-pedales-infantil\/","title":{"rendered":"BICICLETA SIN PEDALES INFANTIL"},"content":{"rendered":"<p>\u00bfListo para jugar con su equilibrio y comenzar grandes aventuras sobre 2 ruedas? Nuestra bici sin pedales 10&#8243; es adecuada para ni\u00f1os de 2-4 a\u00f1os (85 a 100 cm).<\/p>\n<p>\u00bfQuieres circular como los mayores? Nuestra bicicleta sin pedales ligera y robusta acompa\u00f1ar\u00e1 a tu hijo en todas sus aventuras. Aprender\u00e1 a impulsarse y a dominar el equilibrio a su ritmo.<\/p>\n","protected":false},"excerpt":{"rendered":"<p>\u00bfListo para jugar con su equilibrio y comenzar grandes aventuras sobre 2 ruedas? Nuestra bici sin pedales 10&#8243; es adecuada para ni\u00f1os de 2-4 a\u00f1os (85 a 100 cm). \u00bfQuieres circular como los mayores? Nuestra bicicleta sin pedales ligera y robusta acompa\u00f1ar\u00e1 a tu hijo en todas sus aventuras. Aprender\u00e1 a impulsarse y a dominar [&#8230;]\n","protected":false},"featured_media":1428,"template":"","meta":[],"product_brand":[],"product_cat":[79],"product_tag":[],"class_list":{"0":"post-1358","1":"product","2":"type-product","3":"status-publish","4":"has-post-thumbnail","6":"product_cat-actividades-y-familia","8":"first","9":"instock","10":"purchasable","11":"product-type-simple"},"_links":{"self":[{"href":"https:\/\/www.helios.es\/club\/wp-json\/wp\/v2\/product\/1358","targetHints":{"allow":["GET"]}}],"collection":[{"href":"https:\/\/www.helios.es\/club\/wp-json\/wp\/v2\/product"}],"about":[{"href":"https:\/\/www.helios.es\/club\/wp-json\/wp\/v2\/types\/product"}],"wp:featuredmedia":[{"embeddable":true,"href":"https:\/\/www.helios.es\/club\/wp-json\/wp\/v2\/media\/1428"}],"wp:attachment":[{"href":"https:\/\/www.helios.es\/club\/wp-json\/wp\/v2\/media?parent=1358"}],"wp:term":[{"taxonomy":"product_brand","embeddable":true,"href":"https:\/\/www.helios.es\/club\/wp-json\/wp\/v2\/product_brand?post=1358"},{"taxonomy":"product_cat","embeddable":true,"href":"https:\/\/www.helios.es\/club\/wp-json\/wp\/v2\/product_cat?post=1358"},{"taxonomy":"product_tag","embeddable":true,"href":"https:\/\/www.helios.es\/club\/wp-json\/wp\/v2\/product_tag?post=1358"}],"curies":[{"name":"wp","href":"https:\/\/api.w.org\/{rel}","templated":true}]}}