{"id":1360,"date":"2021-05-10T21:01:05","date_gmt":"2021-05-10T19:01:05","guid":{"rendered":"https:\/\/www.helios.es\/club\/?post_type=product&#038;p=1360"},"modified":"2021-05-12T20:56:27","modified_gmt":"2021-05-12T18:56:27","slug":"procesador-de-alimentos-cecotec-cecomixer","status":"publish","type":"product","link":"https:\/\/www.helios.es\/club\/regalos\/procesador-de-alimentos-cecotec-cecomixer\/","title":{"rendered":"PROCESADOR DE ALIMENTOS &#8211; CECOTEC CECOMIXER"},"content":{"rendered":"<p>Descubre una forma nueva de crear tus platos favoritos con el procesador de alimentos Cecotec Cecomixer Easy. El juego de varillas y espirales incluido en el set, m\u00e1s las diferentes funciones y potencias, te permitir\u00e1n preparar variedad de texturas y mezclas que har\u00e1n de ti un gran chef.<\/p>\n<p>\u00bfQu\u00e9 comemos hoy? Tu robot amasador ser\u00e1 tu mejor pinche. Cuenta con 6 potencias que te permitir\u00e1n amasar, batir, mezclar, montar y emulsionar. Si eres un amante de los postres, con tu Cecomixer podr\u00e1s preparar toda la reposter\u00eda que tienes en mente. La particularidad de los procesadores de alimentos es el movimiento planetario de las varillas en su amplio bol; gracias a este se consigue un movimiento de rotaci\u00f3n m\u00e1s amplio para un resultado excelente.<\/p>\n<p>Dise\u00f1ado al detalle: El dise\u00f1o vintage te enamorar\u00e1. Pero que no te enga\u00f1e el estilo, tu Cecomixer Easy cuenta con las tecnolog\u00edas del ahora para garantizar tu seguridad, la de los tuyos y la de tu m\u00e1quina. Incorpora un motor reforzado que lo protege de sobrecalentamientos; asimismo integra un sistema de seguridad que provoca la interrupci\u00f3n del funcionamiento cuando detecta un sobrecalentamiento hasta que enfr\u00ede.<\/p>\n","protected":false},"excerpt":{"rendered":"<p>Descubre una forma nueva de crear tus platos favoritos con el procesador de alimentos Cecotec Cecomixer Easy. El juego de varillas y espirales incluido en el set, m\u00e1s las diferentes funciones y potencias, te permitir\u00e1n preparar variedad de texturas y mezclas que har\u00e1n de ti un gran chef. \u00bfQu\u00e9 comemos hoy? Tu robot amasador ser\u00e1 [&#8230;]\n","protected":false},"featured_media":1430,"template":"","meta":[],"product_brand":[],"product_cat":[80],"product_tag":[],"class_list":{"0":"post-1360","1":"product","2":"type-product","3":"status-publish","4":"has-post-thumbnail","6":"product_cat-cocina-y-menaje","8":"first","9":"instock","10":"purchasable","11":"product-type-simple"},"_links":{"self":[{"href":"https:\/\/www.helios.es\/club\/wp-json\/wp\/v2\/product\/1360","targetHints":{"allow":["GET"]}}],"collection":[{"href":"https:\/\/www.helios.es\/club\/wp-json\/wp\/v2\/product"}],"about":[{"href":"https:\/\/www.helios.es\/club\/wp-json\/wp\/v2\/types\/product"}],"wp:featuredmedia":[{"embeddable":true,"href":"https:\/\/www.helios.es\/club\/wp-json\/wp\/v2\/media\/1430"}],"wp:attachment":[{"href":"https:\/\/www.helios.es\/club\/wp-json\/wp\/v2\/media?parent=1360"}],"wp:term":[{"taxonomy":"product_brand","embeddable":true,"href":"https:\/\/www.helios.es\/club\/wp-json\/wp\/v2\/product_brand?post=1360"},{"taxonomy":"product_cat","embeddable":true,"href":"https:\/\/www.helios.es\/club\/wp-json\/wp\/v2\/product_cat?post=1360"},{"taxonomy":"product_tag","embeddable":true,"href":"https:\/\/www.helios.es\/club\/wp-json\/wp\/v2\/product_tag?post=1360"}],"curies":[{"name":"wp","href":"https:\/\/api.w.org\/{rel}","templated":true}]}}