{"id":1362,"date":"2021-05-10T21:01:05","date_gmt":"2021-05-10T19:01:05","guid":{"rendered":"https:\/\/www.helios.es\/club\/?post_type=product&#038;p=1362"},"modified":"2021-05-12T20:56:27","modified_gmt":"2021-05-12T18:56:27","slug":"super-chef-con-ninos","status":"publish","type":"product","link":"https:\/\/www.helios.es\/club\/regalos\/super-chef-con-ninos\/","title":{"rendered":"SUPER CHEF CON NI\u00d1OS"},"content":{"rendered":"<p>520 talleres y kits de cocina y reposter\u00eda con chefs profesionales y recetas adaptadas a tu nivel.<\/p>\n<p>Para 1-2 personas.<\/p>\n<p>Edad recomendada (ni\u00f1os\/as): 4-14 a\u00f1os.<\/p>\n<p>Cocina de autor, tradicional, internacional, comida saludable, cocina en ingl\u00e9s, arte con chocolate, pasteler\u00eda artesana y mucho m\u00e1s&#8230;<\/p>\n<p>Si tu hijo\/a se conoce los nombres y apellidos de todos los concursantes de \u2018Master Chef\u2019, en su carta a los Reyes Magos s\u00f3lo hay sartenes y ollas y se sabe de memoria los men\u00fas de todos los restaurantes del barrio\u2026 \u00a1esta es sin duda su Kiddy\u2019s Box!<\/p>\n","protected":false},"excerpt":{"rendered":"<p>520 talleres y kits de cocina y reposter\u00eda con chefs profesionales y recetas adaptadas a tu nivel. Para 1-2 personas. Edad recomendada (ni\u00f1os\/as): 4-14 a\u00f1os. Cocina de autor, tradicional, internacional, comida saludable, cocina en ingl\u00e9s, arte con chocolate, pasteler\u00eda artesana y mucho m\u00e1s&#8230; Si tu hijo\/a se conoce los nombres y apellidos de todos los [&#8230;]\n","protected":false},"featured_media":1432,"template":"","meta":[],"product_brand":[],"product_cat":[82],"product_tag":[],"class_list":{"0":"post-1362","1":"product","2":"type-product","3":"status-publish","4":"has-post-thumbnail","6":"product_cat-gastronomia","8":"first","9":"instock","10":"purchasable","11":"product-type-simple"},"_links":{"self":[{"href":"https:\/\/www.helios.es\/club\/wp-json\/wp\/v2\/product\/1362","targetHints":{"allow":["GET"]}}],"collection":[{"href":"https:\/\/www.helios.es\/club\/wp-json\/wp\/v2\/product"}],"about":[{"href":"https:\/\/www.helios.es\/club\/wp-json\/wp\/v2\/types\/product"}],"wp:featuredmedia":[{"embeddable":true,"href":"https:\/\/www.helios.es\/club\/wp-json\/wp\/v2\/media\/1432"}],"wp:attachment":[{"href":"https:\/\/www.helios.es\/club\/wp-json\/wp\/v2\/media?parent=1362"}],"wp:term":[{"taxonomy":"product_brand","embeddable":true,"href":"https:\/\/www.helios.es\/club\/wp-json\/wp\/v2\/product_brand?post=1362"},{"taxonomy":"product_cat","embeddable":true,"href":"https:\/\/www.helios.es\/club\/wp-json\/wp\/v2\/product_cat?post=1362"},{"taxonomy":"product_tag","embeddable":true,"href":"https:\/\/www.helios.es\/club\/wp-json\/wp\/v2\/product_tag?post=1362"}],"curies":[{"name":"wp","href":"https:\/\/api.w.org\/{rel}","templated":true}]}}