{"id":1364,"date":"2021-05-10T21:01:05","date_gmt":"2021-05-10T19:01:05","guid":{"rendered":"https:\/\/www.helios.es\/club\/?post_type=product&#038;p=1364"},"modified":"2021-05-12T20:56:28","modified_gmt":"2021-05-12T18:56:28","slug":"kit-de-cultivo-huerto-urbano","status":"publish","type":"product","link":"https:\/\/www.helios.es\/club\/regalos\/kit-de-cultivo-huerto-urbano\/","title":{"rendered":"KIT DE CULTIVO HUERTO URBANO"},"content":{"rendered":"<p>Huerto Urbano Vergea para principiantes con poco espacio<\/p>\n<p>Kit con todo lo necesario: recipiente, semillas ecol\u00f3gicas Vergea, semilleros, sustrato, fertilizante de guano ecol\u00f3gico y carteles identificativos, para combinar los cultivos m\u00e1s adecuados para principiantes durante todo el a\u00f1o.<\/p>\n<p>Incluye:<br \/>\n&#8211; Recipiente.<br \/>\n&#8211; Caj\u00f3n de madera estilo caja de fruta con excelentes acabados, y dise\u00f1o para utilizar como recipiente de cultivo.<br \/>\n&#8211; Medidas: 49 x 35 x 19,5 cm (ancho x longitud x altura).<br \/>\n&#8211; Capacidad: 26 L.<br \/>\n&#8211; Madera de pino tratada para su uso en exterior.<br \/>\n&#8211; Incluye malla geotextil que permite el drenaje del agua excedente durante el riego pero retiene el sustrato.<br \/>\n&#8211; Semillas ecol\u00f3gicas.<br \/>\n&#8211; Sustrato.<br \/>\n&#8211; Carteles identificativos.<br \/>\n&#8211; Instrucciones paso a paso.<\/p>\n","protected":false},"excerpt":{"rendered":"<p>Huerto Urbano Vergea para principiantes con poco espacio Kit con todo lo necesario: recipiente, semillas ecol\u00f3gicas Vergea, semilleros, sustrato, fertilizante de guano ecol\u00f3gico y carteles identificativos, para combinar los cultivos m\u00e1s adecuados para principiantes durante todo el a\u00f1o. Incluye: &#8211; Recipiente. &#8211; Caj\u00f3n de madera estilo caja de fruta con excelentes acabados, y dise\u00f1o para [&#8230;]\n","protected":false},"featured_media":1434,"template":"","meta":[],"product_brand":[],"product_cat":[84],"product_tag":[],"class_list":{"0":"post-1364","1":"product","2":"type-product","3":"status-publish","4":"has-post-thumbnail","6":"product_cat-sostenibilidad","8":"first","9":"instock","10":"purchasable","11":"product-type-simple"},"_links":{"self":[{"href":"https:\/\/www.helios.es\/club\/wp-json\/wp\/v2\/product\/1364","targetHints":{"allow":["GET"]}}],"collection":[{"href":"https:\/\/www.helios.es\/club\/wp-json\/wp\/v2\/product"}],"about":[{"href":"https:\/\/www.helios.es\/club\/wp-json\/wp\/v2\/types\/product"}],"wp:featuredmedia":[{"embeddable":true,"href":"https:\/\/www.helios.es\/club\/wp-json\/wp\/v2\/media\/1434"}],"wp:attachment":[{"href":"https:\/\/www.helios.es\/club\/wp-json\/wp\/v2\/media?parent=1364"}],"wp:term":[{"taxonomy":"product_brand","embeddable":true,"href":"https:\/\/www.helios.es\/club\/wp-json\/wp\/v2\/product_brand?post=1364"},{"taxonomy":"product_cat","embeddable":true,"href":"https:\/\/www.helios.es\/club\/wp-json\/wp\/v2\/product_cat?post=1364"},{"taxonomy":"product_tag","embeddable":true,"href":"https:\/\/www.helios.es\/club\/wp-json\/wp\/v2\/product_tag?post=1364"}],"curies":[{"name":"wp","href":"https:\/\/api.w.org\/{rel}","templated":true}]}}