{"id":1369,"date":"2021-05-10T21:01:05","date_gmt":"2021-05-10T19:01:05","guid":{"rendered":"https:\/\/www.helios.es\/club\/?post_type=product&#038;p=1369"},"modified":"2021-05-12T20:56:29","modified_gmt":"2021-05-12T18:56:29","slug":"naturaleza-en-vivo-con-ninos","status":"publish","type":"product","link":"https:\/\/www.helios.es\/club\/regalos\/naturaleza-en-vivo-con-ninos\/","title":{"rendered":"NATURALEZA EN VIVO CON NI\u00d1OS"},"content":{"rendered":"<p>550 experiencias de aventura y naturaleza.<\/p>\n<p>Para 2-3 personas.<\/p>\n<p>Edad recomendada (ni\u00f1os\/as): 3-16 a\u00f1os.<\/p>\n<p>Windsurf, construcci\u00f3n de igl\u00fas, vuelo en paratrike, navegar en velero, motos de nieve, v\u00edas ferratas, actividades de granja, circuitos de quads y mucho m\u00e1s\u2026<\/p>\n<p>Si tu ni\u00f1o es un poco kamikaze y no le tiene miedo a nada, si se tirar\u00eda de cabeza hasta en la ba\u00f1era y sue\u00f1a con adoptar un caballo y dormir con \u00e9l cada noche\u2026 \u00a1esta es sin duda su Kiddy\u2019s Box!<\/p>\n","protected":false},"excerpt":{"rendered":"<p>550 experiencias de aventura y naturaleza. Para 2-3 personas. Edad recomendada (ni\u00f1os\/as): 3-16 a\u00f1os. Windsurf, construcci\u00f3n de igl\u00fas, vuelo en paratrike, navegar en velero, motos de nieve, v\u00edas ferratas, actividades de granja, circuitos de quads y mucho m\u00e1s\u2026 Si tu ni\u00f1o es un poco kamikaze y no le tiene miedo a nada, si se tirar\u00eda [&#8230;]\n","protected":false},"featured_media":1439,"template":"","meta":[],"product_brand":[],"product_cat":[84],"product_tag":[],"class_list":{"0":"post-1369","1":"product","2":"type-product","3":"status-publish","4":"has-post-thumbnail","6":"product_cat-sostenibilidad","8":"first","9":"instock","10":"purchasable","11":"product-type-simple"},"_links":{"self":[{"href":"https:\/\/www.helios.es\/club\/wp-json\/wp\/v2\/product\/1369","targetHints":{"allow":["GET"]}}],"collection":[{"href":"https:\/\/www.helios.es\/club\/wp-json\/wp\/v2\/product"}],"about":[{"href":"https:\/\/www.helios.es\/club\/wp-json\/wp\/v2\/types\/product"}],"wp:featuredmedia":[{"embeddable":true,"href":"https:\/\/www.helios.es\/club\/wp-json\/wp\/v2\/media\/1439"}],"wp:attachment":[{"href":"https:\/\/www.helios.es\/club\/wp-json\/wp\/v2\/media?parent=1369"}],"wp:term":[{"taxonomy":"product_brand","embeddable":true,"href":"https:\/\/www.helios.es\/club\/wp-json\/wp\/v2\/product_brand?post=1369"},{"taxonomy":"product_cat","embeddable":true,"href":"https:\/\/www.helios.es\/club\/wp-json\/wp\/v2\/product_cat?post=1369"},{"taxonomy":"product_tag","embeddable":true,"href":"https:\/\/www.helios.es\/club\/wp-json\/wp\/v2\/product_tag?post=1369"}],"curies":[{"name":"wp","href":"https:\/\/api.w.org\/{rel}","templated":true}]}}