{"id":1370,"date":"2021-05-10T21:01:05","date_gmt":"2021-05-10T19:01:05","guid":{"rendered":"https:\/\/www.helios.es\/club\/?post_type=product&#038;p=1370"},"modified":"2021-05-14T12:55:27","modified_gmt":"2021-05-14T10:55:27","slug":"una-degustacion-cata-o-curso-para-dos-personas","status":"publish","type":"product","link":"https:\/\/www.helios.es\/club\/regalos\/una-degustacion-cata-o-curso-para-dos-personas\/","title":{"rendered":"UNA DEGUSTACI\u00d3N, CATA O CURSO PARA DOS PERSONAS"},"content":{"rendered":"<p>Si conoces a alguien que toma notas viendo Masterchef, sufre con los antros que visita Chicote y es el centro de todas las miradas cuando hay que pedir en un restaurante, los Bombones al estilo Gourmet son para \u00e9l. Catar\u00e1 los mejores vinos de nuestra geograf\u00eda, degustar\u00e1 sabrosas variedades de queso o descubrir\u00e1 los secretos de los mejores chefs en un curso online. \u00bfListo para conocer al experto que todo reality de cocina querr\u00eda en su jurado?<\/p>\n<p>Los Bombones Atr\u00e1palo cambian cada semana. El cat\u00e1logo se va actualizando continuamente para ofrecerte nuestras mejores experiencias. Cuando tu destinatario canjee los Bombones que le regales, podr\u00e1 escoger entre las experiencias que est\u00e9n disponibles en ese momento.<\/p>\n","protected":false},"excerpt":{"rendered":"<p>Si conoces a alguien que toma notas viendo Masterchef, sufre con los antros que visita Chicote y es el centro de todas las miradas cuando hay que pedir en un restaurante, los Bombones al estilo Gourmet son para \u00e9l. Catar\u00e1 los mejores vinos de nuestra geograf\u00eda, degustar\u00e1 sabrosas variedades de queso o descubrir\u00e1 los secretos [&#8230;]\n","protected":false},"featured_media":1440,"template":"","meta":[],"product_brand":[],"product_cat":[82],"product_tag":[],"class_list":{"0":"post-1370","1":"product","2":"type-product","3":"status-publish","4":"has-post-thumbnail","6":"product_cat-gastronomia","8":"first","9":"instock","10":"purchasable","11":"product-type-simple"},"_links":{"self":[{"href":"https:\/\/www.helios.es\/club\/wp-json\/wp\/v2\/product\/1370","targetHints":{"allow":["GET"]}}],"collection":[{"href":"https:\/\/www.helios.es\/club\/wp-json\/wp\/v2\/product"}],"about":[{"href":"https:\/\/www.helios.es\/club\/wp-json\/wp\/v2\/types\/product"}],"wp:featuredmedia":[{"embeddable":true,"href":"https:\/\/www.helios.es\/club\/wp-json\/wp\/v2\/media\/1440"}],"wp:attachment":[{"href":"https:\/\/www.helios.es\/club\/wp-json\/wp\/v2\/media?parent=1370"}],"wp:term":[{"taxonomy":"product_brand","embeddable":true,"href":"https:\/\/www.helios.es\/club\/wp-json\/wp\/v2\/product_brand?post=1370"},{"taxonomy":"product_cat","embeddable":true,"href":"https:\/\/www.helios.es\/club\/wp-json\/wp\/v2\/product_cat?post=1370"},{"taxonomy":"product_tag","embeddable":true,"href":"https:\/\/www.helios.es\/club\/wp-json\/wp\/v2\/product_tag?post=1370"}],"curies":[{"name":"wp","href":"https:\/\/api.w.org\/{rel}","templated":true}]}}