{"id":1371,"date":"2021-05-10T21:01:05","date_gmt":"2021-05-10T19:01:05","guid":{"rendered":"https:\/\/www.helios.es\/club\/?post_type=product&#038;p=1371"},"modified":"2021-05-17T15:24:30","modified_gmt":"2021-05-17T13:24:30","slug":"cena-gourmet-para-dos","status":"publish","type":"product","link":"https:\/\/www.helios.es\/club\/regalos\/cena-gourmet-para-dos\/","title":{"rendered":"CENA GOURMET PARA DOS"},"content":{"rendered":"<p>En el cofre regalo \u00abCena gourmet\u00bb, una comida o cena gourmet con bebida a elegir entre 1000 restaurantes para dos personas. Es el cofre regalo perfecto para disfrutar de los m\u00e1s exquisitos men\u00fas de la gastronom\u00eda espa\u00f1ola y mundial y darle un capricho al paladar. Encontrar\u00e1s cocina creativa, restaurantes con clase, tradici\u00f3n gourmet\u2026 \u00a1y mucho m\u00e1s!<\/p>\n<p>Para 2 personas: 1 comida o cena gourmet con bebida.<\/p>\n<p>1000 restaurantes: Cocina creativa, gourmet, de autor, contempor\u00e1nea&#8230;<\/p>\n","protected":false},"excerpt":{"rendered":"<p>En el cofre regalo \u00abCena gourmet\u00bb, una comida o cena gourmet con bebida a elegir entre 1000 restaurantes para dos personas. Es el cofre regalo perfecto para disfrutar de los m\u00e1s exquisitos men\u00fas de la gastronom\u00eda espa\u00f1ola y mundial y darle un capricho al paladar. Encontrar\u00e1s cocina creativa, restaurantes con clase, tradici\u00f3n gourmet\u2026 \u00a1y mucho [&#8230;]\n","protected":false},"featured_media":1441,"template":"","meta":[],"product_brand":[],"product_cat":[82],"product_tag":[],"class_list":{"0":"post-1371","1":"product","2":"type-product","3":"status-publish","4":"has-post-thumbnail","6":"product_cat-gastronomia","8":"first","9":"instock","10":"purchasable","11":"product-type-simple"},"_links":{"self":[{"href":"https:\/\/www.helios.es\/club\/wp-json\/wp\/v2\/product\/1371","targetHints":{"allow":["GET"]}}],"collection":[{"href":"https:\/\/www.helios.es\/club\/wp-json\/wp\/v2\/product"}],"about":[{"href":"https:\/\/www.helios.es\/club\/wp-json\/wp\/v2\/types\/product"}],"wp:featuredmedia":[{"embeddable":true,"href":"https:\/\/www.helios.es\/club\/wp-json\/wp\/v2\/media\/1441"}],"wp:attachment":[{"href":"https:\/\/www.helios.es\/club\/wp-json\/wp\/v2\/media?parent=1371"}],"wp:term":[{"taxonomy":"product_brand","embeddable":true,"href":"https:\/\/www.helios.es\/club\/wp-json\/wp\/v2\/product_brand?post=1371"},{"taxonomy":"product_cat","embeddable":true,"href":"https:\/\/www.helios.es\/club\/wp-json\/wp\/v2\/product_cat?post=1371"},{"taxonomy":"product_tag","embeddable":true,"href":"https:\/\/www.helios.es\/club\/wp-json\/wp\/v2\/product_tag?post=1371"}],"curies":[{"name":"wp","href":"https:\/\/api.w.org\/{rel}","templated":true}]}}