{"id":1373,"date":"2021-05-10T21:01:05","date_gmt":"2021-05-10T19:01:05","guid":{"rendered":"https:\/\/www.helios.es\/club\/?post_type=product&#038;p=1373"},"modified":"2021-05-12T20:56:29","modified_gmt":"2021-05-12T18:56:29","slug":"freidora-saludable-moulinex","status":"publish","type":"product","link":"https:\/\/www.helios.es\/club\/regalos\/freidora-saludable-moulinex\/","title":{"rendered":"FREIDORA SALUDABLE &#8211; MOULINEX"},"content":{"rendered":"<p>Con su dise\u00f1o profesional y acabados en materiales de primera, la freidora saludable Moulinex EasyFry Classic EZ201D10 te facilitar\u00e1 la realizaci\u00f3n de todos tus platos de una forma insuperable. Disfrutar\u00e1s de frituras sabrosas y crujientes sin apenas usar aceite con una capacidad XL.<\/p>\n<p>Tiene una gran potencia de 1500 W que le permite alcanzar la temperatura mucho m\u00e1s r\u00e1pido. Una vez alcanzada la temperatura, se conservar\u00e1 homog\u00e9neamente en toda la cubeta durante mucho m\u00e1s tiempo, as\u00ed tendr\u00e1s la garant\u00eda que tus recetas quedar\u00e1n perfectas. Su tecnolog\u00eda Air Pulse hace que el flujo de aire caliente circule de forma cicl\u00f3nica, lo que se traduce en resultados extremadamente crujientes por fuera. Podr\u00e1s elegir entre 4 modos de cocci\u00f3n: freir, asar, cocinar a la parrilla y hornear.<\/p>\n<p>Moulinex EasyFry Classic te trae la freidora saludable con una capacidad de 4.2L sin usar apenas aceite. Te permitir\u00e1 preparar hasta 6 raciones de platos deliciosos, siendo ideal para compartir con los amigos y la familia. Cuenta, adem\u00e1s, con un exclusivo sistema de cestillo que permite una capacidad extragrande en un dise\u00f1o moderno y compacto, pudiendo extraer la rejilla para poder captar el aceite de fondo, esto ayuda a cocinar de forma m\u00e1s saludable y tambi\u00e9n a limpiar la cubeta. Algunas de sus piezas son extra\u00edbles y aptas para el lavavajillas.<\/p>\n","protected":false},"excerpt":{"rendered":"<p>Con su dise\u00f1o profesional y acabados en materiales de primera, la freidora saludable Moulinex EasyFry Classic EZ201D10 te facilitar\u00e1 la realizaci\u00f3n de todos tus platos de una forma insuperable. Disfrutar\u00e1s de frituras sabrosas y crujientes sin apenas usar aceite con una capacidad XL. Tiene una gran potencia de 1500 W que le permite alcanzar la [&#8230;]\n","protected":false},"featured_media":1443,"template":"","meta":[],"product_brand":[],"product_cat":[80],"product_tag":[],"class_list":{"0":"post-1373","1":"product","2":"type-product","3":"status-publish","4":"has-post-thumbnail","6":"product_cat-cocina-y-menaje","8":"first","9":"instock","10":"purchasable","11":"product-type-simple"},"_links":{"self":[{"href":"https:\/\/www.helios.es\/club\/wp-json\/wp\/v2\/product\/1373","targetHints":{"allow":["GET"]}}],"collection":[{"href":"https:\/\/www.helios.es\/club\/wp-json\/wp\/v2\/product"}],"about":[{"href":"https:\/\/www.helios.es\/club\/wp-json\/wp\/v2\/types\/product"}],"wp:featuredmedia":[{"embeddable":true,"href":"https:\/\/www.helios.es\/club\/wp-json\/wp\/v2\/media\/1443"}],"wp:attachment":[{"href":"https:\/\/www.helios.es\/club\/wp-json\/wp\/v2\/media?parent=1373"}],"wp:term":[{"taxonomy":"product_brand","embeddable":true,"href":"https:\/\/www.helios.es\/club\/wp-json\/wp\/v2\/product_brand?post=1373"},{"taxonomy":"product_cat","embeddable":true,"href":"https:\/\/www.helios.es\/club\/wp-json\/wp\/v2\/product_cat?post=1373"},{"taxonomy":"product_tag","embeddable":true,"href":"https:\/\/www.helios.es\/club\/wp-json\/wp\/v2\/product_tag?post=1373"}],"curies":[{"name":"wp","href":"https:\/\/api.w.org\/{rel}","templated":true}]}}