{"id":6084,"date":"2025-03-01T11:33:38","date_gmt":"2025-03-01T10:33:38","guid":{"rendered":"https:\/\/www.helios.es\/club\/?post_type=product&#038;p=6084"},"modified":"2025-03-01T13:41:20","modified_gmt":"2025-03-01T12:41:20","slug":"recipientes-de-cristal-para-alimentos-14-piezas","status":"publish","type":"product","link":"https:\/\/www.helios.es\/club\/regalos\/recipientes-de-cristal-para-alimentos-14-piezas\/","title":{"rendered":"RECIPIENTES DE CRISTAL PARA ALIMENTOS, 14 PIEZAS"},"content":{"rendered":"<p style=\"font-weight: 400;\">Recipientes de Cristal para alimentos, 14 Piezas (7 recipientes + 7 tapas), para Comida Hermetico, Apto para lavavajillas, congelador, microondas, sin BPA.<\/p>\n","protected":false},"excerpt":{"rendered":"<p style=\"font-weight: 400;\">El juego contiene 7 recipientes de vidrio de primera calidad (320 ml, 800ml, 240ml, 400 ml, 950 ml, 330 ml y 840ml), con varias formas (rectangulares, cuadrados y circulares), adem\u00e1s de un dise\u00f1o transparente para identificar f\u00e1cilmente el contenido del interior.<\/p>\n<p style=\"font-weight: 400;\">100% libres de BPA, pueden usarse con total seguridad en el congelador y el microondas (-20\u00ba a +450\u00ba).<\/p>\n<p style=\"font-weight: 400;\">Los productos Edihome disponen de garant\u00eda europea, asegurando a los clientes que su compra es totalmente fiable y protegida. La garant\u00eda de f\u00e1brica s\u00f3lo est\u00e1 disponible a trav\u00e9s de vendedores autorizados.<\/p>\n","protected":false},"featured_media":6092,"template":"","meta":[],"product_brand":[],"product_cat":[80],"product_tag":[],"class_list":{"0":"post-6084","1":"product","2":"type-product","3":"status-publish","4":"has-post-thumbnail","6":"product_cat-cocina-y-menaje","8":"first","9":"instock","10":"shipping-taxable","11":"purchasable","12":"product-type-simple"},"_links":{"self":[{"href":"https:\/\/www.helios.es\/club\/wp-json\/wp\/v2\/product\/6084","targetHints":{"allow":["GET"]}}],"collection":[{"href":"https:\/\/www.helios.es\/club\/wp-json\/wp\/v2\/product"}],"about":[{"href":"https:\/\/www.helios.es\/club\/wp-json\/wp\/v2\/types\/product"}],"wp:featuredmedia":[{"embeddable":true,"href":"https:\/\/www.helios.es\/club\/wp-json\/wp\/v2\/media\/6092"}],"wp:attachment":[{"href":"https:\/\/www.helios.es\/club\/wp-json\/wp\/v2\/media?parent=6084"}],"wp:term":[{"taxonomy":"product_brand","embeddable":true,"href":"https:\/\/www.helios.es\/club\/wp-json\/wp\/v2\/product_brand?post=6084"},{"taxonomy":"product_cat","embeddable":true,"href":"https:\/\/www.helios.es\/club\/wp-json\/wp\/v2\/product_cat?post=6084"},{"taxonomy":"product_tag","embeddable":true,"href":"https:\/\/www.helios.es\/club\/wp-json\/wp\/v2\/product_tag?post=6084"}],"curies":[{"name":"wp","href":"https:\/\/api.w.org\/{rel}","templated":true}]}}