{"id":6087,"date":"2025-03-01T11:37:01","date_gmt":"2025-03-01T10:37:01","guid":{"rendered":"https:\/\/www.helios.es\/club\/?post_type=product&#038;p=6087"},"modified":"2025-03-01T13:37:27","modified_gmt":"2025-03-01T12:37:27","slug":"construccion-magnetica-connetix-pastel-32-piezas","status":"publish","type":"product","link":"https:\/\/www.helios.es\/club\/regalos\/construccion-magnetica-connetix-pastel-32-piezas\/","title":{"rendered":"CONSTRUCCI\u00d3N MAGN\u00c9TICA CONNETIX PASTEL 32 PIEZAS"},"content":{"rendered":"<p style=\"font-weight: 400;\">Paquete de 32 piezas: contiene 16 cuadrados peque\u00f1os, 8 tri\u00e1ngulos equil\u00e1teros y 8 tri\u00e1ngulos is\u00f3sceles en colores pastel terrosos. Todos los azulejos cuentan con nuestro exclusivo dise\u00f1o biselado, lo que permite que los azulejos sean fuertes mientras que ofrecen hermosas refracciones claras.<\/p>\n","protected":false},"excerpt":{"rendered":"<p style=\"font-weight: 400;\">Paquete peque\u00f1o, grandes posibilidades: experimenta el dise\u00f1o biselado de la firma Connetix mientras construyes dise\u00f1os m\u00e1s fuertes y experimentas refracciones m\u00e1s claras. Da rienda suelta a tu imaginaci\u00f3n mientras creas tus propios cohetes, helados, casas, dinosaurios, flores, animales, barcos, paisajes urbanos, mandalas y mucho m\u00e1s.<\/p>\n<p style=\"font-weight: 400;\">8 colores pastel terrosos: disfruta de los tonos pastel terrosos \u00fanicos de rosa, baya, melocot\u00f3n, menta, esmeralda, lim\u00f3n, violeta y zafiro. Todos los azulejos cuentan con nuestro exclusivo dise\u00f1o biselado, lo que permite que los azulejos sean fuertes mientras que ofrecen hermosas refracciones claras.<\/p>\n<p style=\"font-weight: 400;\">El regalo ideal: compatible con toda la gama Connetix y otras marcas l\u00edderes de azulejos magn\u00e9ticos, el mini paquete de 32 piezas pastel de CONNETIX proporciona la introducci\u00f3n perfecta al juego magn\u00e9tico, o complemento a una colecci\u00f3n existente.<\/p>\n","protected":false},"featured_media":6097,"template":"","meta":[],"product_brand":[],"product_cat":[79],"product_tag":[],"class_list":{"0":"post-6087","1":"product","2":"type-product","3":"status-publish","4":"has-post-thumbnail","6":"product_cat-actividades-y-familia","8":"first","9":"instock","10":"shipping-taxable","11":"purchasable","12":"product-type-simple"},"_links":{"self":[{"href":"https:\/\/www.helios.es\/club\/wp-json\/wp\/v2\/product\/6087","targetHints":{"allow":["GET"]}}],"collection":[{"href":"https:\/\/www.helios.es\/club\/wp-json\/wp\/v2\/product"}],"about":[{"href":"https:\/\/www.helios.es\/club\/wp-json\/wp\/v2\/types\/product"}],"wp:featuredmedia":[{"embeddable":true,"href":"https:\/\/www.helios.es\/club\/wp-json\/wp\/v2\/media\/6097"}],"wp:attachment":[{"href":"https:\/\/www.helios.es\/club\/wp-json\/wp\/v2\/media?parent=6087"}],"wp:term":[{"taxonomy":"product_brand","embeddable":true,"href":"https:\/\/www.helios.es\/club\/wp-json\/wp\/v2\/product_brand?post=6087"},{"taxonomy":"product_cat","embeddable":true,"href":"https:\/\/www.helios.es\/club\/wp-json\/wp\/v2\/product_cat?post=6087"},{"taxonomy":"product_tag","embeddable":true,"href":"https:\/\/www.helios.es\/club\/wp-json\/wp\/v2\/product_tag?post=6087"}],"curies":[{"name":"wp","href":"https:\/\/api.w.org\/{rel}","templated":true}]}}