{"id":6787,"date":"2025-11-12T17:22:13","date_gmt":"2025-11-12T16:22:13","guid":{"rendered":"https:\/\/www.helios.es\/club\/?post_type=product&#038;p=6787"},"modified":"2025-11-14T10:50:18","modified_gmt":"2025-11-14T09:50:18","slug":"camara-de-fotos-rookie-para-ninos-%c2%b7-fresa","status":"publish","type":"product","link":"https:\/\/www.helios.es\/club\/regalos\/camara-de-fotos-rookie-para-ninos-%c2%b7-fresa\/","title":{"rendered":"C\u00c1MARA DE FOTOS ROOKIE PARA NI\u00d1OS \u00b7 FRESA"},"content":{"rendered":"<p>C\u00e1mara para ni\u00f1os.<br \/>\nLos botones grandes lo hacen particularmente f\u00e1cil de utilizar. La funda de silicona desmontable brinda protecci\u00f3n contra roturas y proporciona suficiente sujeci\u00f3n para sujetar y manipular la c\u00e1mara con facilidad.<br \/>\nOfrece muchas oportunidades divertidas para que los ni\u00f1os exploren su creatividad y desarrollen habilidades.<br \/>\nEs ideal para desarrollar\u00a0la observaci\u00f3n visual y como entretenimiento fuera de casa.<br \/>\nCaracter\u00edsticas:<\/p>\n<ul>\n<li>Tiempo de carga de la bater\u00eda: alrededor de 2,5 horas.<\/li>\n<li>Enfoque autom\u00e1tico, balance de blancos, equilibrio ISO, correcci\u00f3n de color y correcci\u00f3n de brillo autom\u00e1ticos.<\/li>\n<li>Detecci\u00f3n de rostro.<\/li>\n<li>Sin funci\u00f3n de impresi\u00f3n directa.<\/li>\n<li>Resoluci\u00f3n nativa: 3MP \/ interpolada hasta 30MP<\/li>\n<li>Marcos de fotos y filtros<\/li>\n<li>Tama\u00f1o de pantalla: 2,0&#8243;.<\/li>\n<li>Incluye funda de silicona para la c\u00e1mara.<\/li>\n<\/ul>\n","protected":false},"excerpt":{"rendered":"<p style=\"font-weight: 400;\">Una divertida c\u00e1mara de fotos digital para ni\u00f1os en color FRESA. Una c\u00e1mara muy f\u00e1cil de usar, con botones grandes y funda de silicona. Enamorar\u00e1 a tu peque por su dise\u00f1o y por los botones grandes, que hacen que su uso sea especialmente f\u00e1cil para los m\u00e1s peque\u00f1os. Recomendada para que ni\u00f1os de 3 a 8 a\u00f1os disfruten con funciones divertidas como marcos de fotos, filtros y detecci\u00f3n de caras.<\/p>\n<p><em>Colores sujetos a disponibilidad.<\/em><\/p>\n","protected":false},"featured_media":6793,"template":"","meta":[],"product_brand":[],"product_cat":[79],"product_tag":[],"class_list":{"0":"post-6787","1":"product","2":"type-product","3":"status-publish","4":"has-post-thumbnail","6":"product_cat-actividades-y-familia","8":"first","9":"instock","10":"shipping-taxable","11":"purchasable","12":"product-type-simple"},"_links":{"self":[{"href":"https:\/\/www.helios.es\/club\/wp-json\/wp\/v2\/product\/6787","targetHints":{"allow":["GET"]}}],"collection":[{"href":"https:\/\/www.helios.es\/club\/wp-json\/wp\/v2\/product"}],"about":[{"href":"https:\/\/www.helios.es\/club\/wp-json\/wp\/v2\/types\/product"}],"wp:featuredmedia":[{"embeddable":true,"href":"https:\/\/www.helios.es\/club\/wp-json\/wp\/v2\/media\/6793"}],"wp:attachment":[{"href":"https:\/\/www.helios.es\/club\/wp-json\/wp\/v2\/media?parent=6787"}],"wp:term":[{"taxonomy":"product_brand","embeddable":true,"href":"https:\/\/www.helios.es\/club\/wp-json\/wp\/v2\/product_brand?post=6787"},{"taxonomy":"product_cat","embeddable":true,"href":"https:\/\/www.helios.es\/club\/wp-json\/wp\/v2\/product_cat?post=6787"},{"taxonomy":"product_tag","embeddable":true,"href":"https:\/\/www.helios.es\/club\/wp-json\/wp\/v2\/product_tag?post=6787"}],"curies":[{"name":"wp","href":"https:\/\/api.w.org\/{rel}","templated":true}]}}